{"id":192,"date":"2013-01-29T14:43:35","date_gmt":"2013-01-29T20:43:35","guid":{"rendered":"http:\/\/brandonmoeller.com\/hire\/?page_id=192"},"modified":"2018-10-26T21:25:56","modified_gmt":"2018-10-27T02:25:56","slug":"jq","status":"publish","type":"page","link":"https:\/\/brandonmoeller.com\/hire\/","title":{"rendered":"Portfolio"},"content":{"rendered":"<p><img loading=\"lazy\" decoding=\"async\" class=\"size-full wp-image-76 alignleft noborder\" src=\"https:\/\/brandonmoeller.com\/wp-content\/uploads\/sites\/2\/2012\/12\/hire.gif\" alt=\"Hire Brandon Moeller\" width=\"450\" height=\"450\" \/><\/p>\n<p class=\"floating-h2 floating-double-h2\" style=\"text-align: right;\">Related Links<\/p>\n<p class=\"floating-double-h3\" style=\"text-align: right;\"><a href=\"https:\/\/brandonmoeller.com\/hire\/resume\/\">R\u00e9sum\u00e9<\/a><\/p>\n<p class=\"floating-double-h3\" style=\"text-align: right;\"><a href=\"https:\/\/brandonmoeller.com\/hire-me\/resume.pdf\">R\u00e9sum\u00e9\u00a0(PDF)<\/a><\/p>\n<p class=\"floating-double-h3\" style=\"text-align: right;\"><a href=\"https:\/\/www.linkedin.com\/in\/brandonmoeller\/\">LinkedIn<\/a><\/p>\n<p class=\"floating-double-h3\" style=\"text-align: right;\"><a href=\"https:\/\/brandonmoeller.com\/blog\/category\/portfolio\/awards\/\">Awards &amp; Learning<\/a><\/p>\n<div class=\"clear\"><\/div>\n<p class=\"floating-double-h2\">WordPress<\/p>\n<div class=\"hide\">\n<div id=\"attachment_109\" style=\"width: 238px\" class=\"wp-caption alignleft\"><a href=\"https:\/\/brandonmoeller.com\/blog\/2013\/08\/28\/latest-news-for-bauer-college-launches\/\"><img loading=\"lazy\" decoding=\"async\" aria-describedby=\"caption-attachment-109\" class=\" wp-image-109 piece \" src=\"https:\/\/brandonmoeller.com\/hire\/wp-content\/uploads\/sites\/2\/2013\/01\/p-latestnews.jpg\" alt=\"300\" width=\"228\" height=\"228\" \/><\/a><p id=\"caption-attachment-109\" class=\"wp-caption-text\"><a href=\"http:\/\/bauerticker.uh.edu\">See<\/a> | <a href=\"https:\/\/brandonmoeller.com\/blog\/2013\/08\/28\/latest-news-for-bauer-college-launches\/\">Read<\/a> | from August 2013<\/p><\/div>\n<div id=\"attachment_109\" style=\"width: 238px\" class=\"wp-caption alignleft\"><a href=\"https:\/\/brandonmoeller.com\/blog\/2013\/08\/22\/montessorihouseforchildren-com-launches\/\"><img loading=\"lazy\" decoding=\"async\" aria-describedby=\"caption-attachment-109\" class=\" wp-image-109 piece \" src=\"https:\/\/brandonmoeller.com\/hire\/wp-content\/uploads\/sites\/2\/2013\/01\/p-mont.jpg\" alt=\"300\" width=\"228\" height=\"228\" \/><\/a><p id=\"caption-attachment-109\" class=\"wp-caption-text\"><a href=\"http:\/\/montessorihouseforchildren.com\/\">See<\/a> | <a href=\"https:\/\/brandonmoeller.com\/blog\/2013\/08\/22\/montessorihouseforchildren-com-launches\/\">Read<\/a> | from August 2013<\/p><\/div>\n<div id=\"attachment_109\" style=\"width: 238px\" class=\"wp-caption alignleft\"><a href=\"https:\/\/brandonmoeller.com\/blog\/2010\/12\/07\/houston-history-magazine-site-launches\/\"><img loading=\"lazy\" decoding=\"async\" aria-describedby=\"caption-attachment-109\" class=\" wp-image-109 piece \" src=\"https:\/\/brandonmoeller.com\/wp-content\/uploads\/sites\/2\/2013\/01\/p6.jpg\" alt=\"300\" width=\"228\" height=\"228\" \/><\/a><p id=\"caption-attachment-109\" class=\"wp-caption-text\"><a href=\"http:\/\/houstonhistorymagazine.org\/\">See<\/a> | <a href=\"https:\/\/brandonmoeller.com\/blog\/2010\/12\/07\/houston-history-magazine-site-launches\/\">Read<\/a> | from December 2010<\/p><\/div>\n<p><div class=\"clear\"><\/div><br \/>\n<\/div><\/p>\n<p class=\"floating-double-h3\" style=\"text-align: right;\"><a href=\"https:\/\/brandonmoeller.com\/blog\/category\/portfolio\/wordpress\/\">See all WordPress<\/a><\/p>\n<div class=\"hr\"><\/div>\n<p class=\"floating-double-h2\">Sites &amp; Email<\/p>\n<div class=\"hide\">\n<div id=\"attachment_109\" style=\"width: 238px\" class=\"wp-caption alignleft\"><a href=\"https:\/\/brandonmoeller.com\/blog\/2013\/08\/05\/new-bauer-uh-edu-website-launches\/\"><img loading=\"lazy\" decoding=\"async\" aria-describedby=\"caption-attachment-109\" class=\" wp-image-109 piece \" src=\"https:\/\/brandonmoeller.com\/hire\/wp-content\/uploads\/sites\/2\/2013\/01\/p-bauer.jpg\" alt=\"300\" width=\"228\" height=\"228\" \/><\/a><p id=\"caption-attachment-109\" class=\"wp-caption-text\"><a href=\"http:\/\/www.bauer.uh.edu\/\">See<\/a> | <a href=\"https:\/\/brandonmoeller.com\/blog\/2013\/08\/05\/new-bauer-uh-edu-website-launches\/\">Read<\/a> | from August 2013<\/p><\/div>\n<div id=\"attachment_109\" style=\"width: 238px\" class=\"wp-caption alignleft\"><a href=\"https:\/\/brandonmoeller.com\/blog\/2013\/10\/18\/bauer-is-now-on-the-google-maps\/\"><img loading=\"lazy\" decoding=\"async\" aria-describedby=\"caption-attachment-109\" class=\" wp-image-109 piece \" src=\"https:\/\/brandonmoeller.com\/hire\/wp-content\/uploads\/sites\/2\/2013\/01\/p-googlemap.jpg\" alt=\"300\" width=\"228\" height=\"228\" \/><\/a><p id=\"caption-attachment-109\" class=\"wp-caption-text\"><a href=\"http:\/\/www.bauer.uh.edu\/visit\/maps\/mapToBauer.php\">See<\/a> | <a href=\"https:\/\/brandonmoeller.com\/blog\/2013\/10\/18\/bauer-is-now-on-the-google-maps\/\">Read<\/a> | from October 2013<\/p><\/div>\n<div id=\"attachment_109\" style=\"width: 238px\" class=\"wp-caption alignleft\"><a href=\"https:\/\/brandonmoeller.com\/blog\/2012\/03\/21\/responsive-remax-of-texas-newsletter-debuts\/\"><img loading=\"lazy\" decoding=\"async\" aria-describedby=\"caption-attachment-109\" class=\" wp-image-109 piece \" src=\"https:\/\/brandonmoeller.com\/wp-content\/uploads\/sites\/2\/2013\/01\/p21.jpg\" alt=\"300\" width=\"228\" height=\"228\" \/><\/a><p id=\"caption-attachment-109\" class=\"wp-caption-text\"><a href=\"https:\/\/brandonmoeller.com\/clips\/remax\/remax-mar02-2012\/index2012-03March02.html\">See<\/a> | <a href=\"https:\/\/brandonmoeller.com\/blog\/2012\/03\/21\/responsive-remax-of-texas-newsletter-debuts\/\">Read<\/a> | from March 2012<\/p><\/div>\n<p><div class=\"clear\"><\/div><br \/>\n<\/div><\/p>\n<p class=\"floating-double-h3\" style=\"text-align: right;\"><a href=\"https:\/\/brandonmoeller.com\/blog\/category\/portfolio\/sites\/\">See all sites &amp; email<\/a><\/p>\n<div class=\"hr\"><\/div>\n<p class=\"floating-double-h2\">Articles<\/p>\n<div class=\"hide\">\n<div id=\"attachment_109\" style=\"width: 238px\" class=\"wp-caption alignleft\"><a href=\"https:\/\/brandonmoeller.com\/blog\/2012\/05\/01\/send-potential-clients-a-listing-presentation-video-e-mail\/\"><img loading=\"lazy\" decoding=\"async\" aria-describedby=\"caption-attachment-109\" class=\" wp-image-109 piece \" src=\"https:\/\/brandonmoeller.com\/wp-content\/uploads\/sites\/2\/2013\/01\/p22.jpg\" alt=\"300\" width=\"228\" height=\"228\" \/><\/a><p id=\"caption-attachment-109\" class=\"wp-caption-text\"><a href=\"http:\/\/remaxoftexas.net\/news\/2012\/05\/send-potential-clients-a-listing-presentation-video-e-mail\/\">See<\/a> | <a href=\"https:\/\/brandonmoeller.com\/blog\/2012\/05\/01\/send-potential-clients-a-listing-presentation-video-e-mail\/\">Read<\/a> | from May 2012<\/p><\/div>\n<div id=\"attachment_109\" style=\"width: 238px\" class=\"wp-caption alignleft\"><a href=\"https:\/\/brandonmoeller.com\/blog\/2008\/09\/21\/spring-resident-captures-video-of-power-line-explosion\/\"><img loading=\"lazy\" decoding=\"async\" aria-describedby=\"caption-attachment-109\" class=\" wp-image-109 piece \" src=\"https:\/\/brandonmoeller.com\/wp-content\/uploads\/sites\/2\/2013\/01\/p18.jpg\" alt=\"300\" width=\"228\" height=\"228\" \/><\/a><p id=\"caption-attachment-109\" class=\"wp-caption-text\"><a href=\"http:\/\/blogs.chron.com\/hurricanes\/2008\/09\/spring_resident_captures_video.html\">See<\/a> | <a href=\"https:\/\/brandonmoeller.com\/blog\/2008\/09\/21\/spring-resident-captures-video-of-power-line-explosion\/\">Read<\/a> | from September 2008<\/p><\/div>\n<div id=\"attachment_109\" style=\"width: 238px\" class=\"wp-caption alignleft\"><a href=\"https:\/\/brandonmoeller.com\/blog\/2005\/11\/02\/war-hero-comes-home-veteran-rejoins-family-adjusts-to-civilianlife\/\"><img loading=\"lazy\" decoding=\"async\" aria-describedby=\"caption-attachment-109\" class=\" wp-image-109 piece \" src=\"https:\/\/brandonmoeller.com\/wp-content\/uploads\/sites\/2\/2013\/01\/p17.jpg\" alt=\"300\" width=\"228\" height=\"228\" \/><\/a><p id=\"caption-attachment-109\" class=\"wp-caption-text\"><a href=\"https:\/\/brandonmoeller.com\/clips\/110205war.pdf\">See<\/a> | <a href=\"https:\/\/brandonmoeller.com\/blog\/2005\/11\/02\/war-hero-comes-home-veteran-rejoins-family-adjusts-to-civilianlife\/\">Read<\/a> | from November 2005<\/p><\/div>\n<p><div class=\"clear\"><\/div><br \/>\n<\/div><\/p>\n<p class=\"floating-double-h3\" style=\"text-align: right;\"><a href=\"https:\/\/brandonmoeller.com\/blog\/category\/portfolio\/articles\/\">See all articles<\/a><\/p>\n<div class=\"hr\"><\/div>\n<p class=\"floating-double-h2\">Photos<\/p>\n<div class=\"hide\">\n<div id=\"attachment_109\" style=\"width: 238px\" class=\"wp-caption alignleft\"><a href=\"https:\/\/brandonmoeller.com\/blog\/2012\/12\/18\/jesse-medina-receives-debt-free-home\/\"><img loading=\"lazy\" decoding=\"async\" aria-describedby=\"caption-attachment-109\" class=\" wp-image-109 piece \" src=\"https:\/\/brandonmoeller.com\/wp-content\/uploads\/sites\/2\/2013\/01\/p23.jpg\" alt=\"300\" width=\"228\" height=\"228\" \/><\/a><p id=\"caption-attachment-109\" class=\"wp-caption-text\"><a href=\"http:\/\/texassentinels.org\/thanks-to-bank-of-america-jesse-medina-receives-debt-free-home\/\">See<\/a> | <a href=\"https:\/\/brandonmoeller.com\/blog\/2012\/12\/18\/jesse-medina-receives-debt-free-home\/\">Read<\/a> | from December 2012<\/p><\/div>\n<div id=\"attachment_109\" style=\"width: 238px\" class=\"wp-caption alignleft\"><a href=\"https:\/\/brandonmoeller.com\/blog\/2012\/01\/27\/remax-of-texas-statewide-convention-2012\/\"><img loading=\"lazy\" decoding=\"async\" aria-describedby=\"caption-attachment-109\" class=\" wp-image-109 piece \" src=\"https:\/\/brandonmoeller.com\/wp-content\/uploads\/sites\/2\/2013\/01\/p24.jpg\" alt=\"300\" width=\"228\" height=\"228\" \/><\/a><p id=\"caption-attachment-109\" class=\"wp-caption-text\"><a href=\"http:\/\/www.facebook.com\/media\/set\/?set=a.10150604163591421.433962.148100426420&amp;type=1\">See<\/a> | <a href=\"https:\/\/brandonmoeller.com\/blog\/2012\/01\/27\/remax-of-texas-statewide-convention-2012\/\">Read<\/a> | from January 2012<\/p><\/div>\n<div id=\"attachment_109\" style=\"width: 238px\" class=\"wp-caption alignleft\"><a href=\"https:\/\/brandonmoeller.com\/blog\/2010\/05\/14\/spring-commencement\/\"><img loading=\"lazy\" decoding=\"async\" aria-describedby=\"caption-attachment-109\" class=\" wp-image-109 piece \" src=\"https:\/\/brandonmoeller.com\/wp-content\/uploads\/sites\/2\/2013\/01\/p14.jpg\" alt=\"300\" width=\"228\" height=\"228\" \/><\/a><p id=\"caption-attachment-109\" class=\"wp-caption-text\">See | <a href=\"https:\/\/brandonmoeller.com\/blog\/2010\/05\/14\/spring-commencement\/\">Read<\/a> | from May 2010<\/p><\/div>\n<p><div class=\"clear\"><\/div><br \/>\n<\/div><\/p>\n<p class=\"floating-double-h3\" style=\"text-align: right;\"><a href=\"https:\/\/brandonmoeller.com\/blog\/category\/portfolio\/photos\/\">See all photos<\/a><\/p>\n<div class=\"hr\"><\/div>\n<p class=\"floating-double-h2\">Design<\/p>\n<div class=\"hide\">\n<div id=\"attachment_109\" style=\"width: 238px\" class=\"wp-caption alignleft\"><a href=\"https:\/\/brandonmoeller.com\/blog\/2012\/12\/19\/drive-by-balloon-animated-gif\/\"><img loading=\"lazy\" decoding=\"async\" aria-describedby=\"caption-attachment-109\" class=\" wp-image-109 piece \" src=\"https:\/\/brandonmoeller.com\/wp-content\/uploads\/sites\/2\/2013\/01\/p25.jpg\" alt=\"300\" width=\"228\" height=\"228\" \/><\/a><p id=\"caption-attachment-109\" class=\"wp-caption-text\"><a href=\"https:\/\/brandonmoeller.com\/clips\/remax\/remax-dec02-2012\/index2012-12December02.html\">See<\/a> | <a href=\"https:\/\/brandonmoeller.com\/blog\/2012\/12\/19\/drive-by-balloon-animated-gif\/\">Read<\/a> | from December 2012<\/p><\/div>\n<div id=\"attachment_109\" style=\"width: 238px\" class=\"wp-caption alignleft\"><a href=\"https:\/\/brandonmoeller.com\/blog\/2011\/05\/16\/e-mail-design-for-psychology\/\"><img loading=\"lazy\" decoding=\"async\" aria-describedby=\"caption-attachment-109\" class=\" wp-image-109 piece \" src=\"https:\/\/brandonmoeller.com\/wp-content\/uploads\/sites\/2\/2013\/01\/p9.jpg\" alt=\"300\" width=\"228\" height=\"228\" \/><\/a><p id=\"caption-attachment-109\" class=\"wp-caption-text\"><a href=\"https:\/\/brandonmoeller.com\/clips\/psychology-convio.html\">See<\/a> | <a href=\"https:\/\/brandonmoeller.com\/blog\/2011\/05\/16\/e-mail-design-for-psychology\/\">Read<\/a> | from May 2011<\/p><\/div>\n<div id=\"attachment_109\" style=\"width: 238px\" class=\"wp-caption alignleft\"><a href=\"https:\/\/brandonmoeller.com\/blog\/2009\/09\/18\/to-bear-fruit-for-our-race-website-launches\/\"><img loading=\"lazy\" decoding=\"async\" aria-describedby=\"caption-attachment-109\" class=\" wp-image-109 piece \" src=\"https:\/\/brandonmoeller.com\/wp-content\/uploads\/sites\/2\/2013\/01\/p8.jpg\" alt=\"300\" width=\"228\" height=\"228\" \/><\/a><p id=\"caption-attachment-109\" class=\"wp-caption-text\"><a href=\"https:\/\/brandonmoeller.com\/clips\/tobearfruit\">See<\/a> | <a href=\"https:\/\/brandonmoeller.com\/blog\/2009\/09\/18\/to-bear-fruit-for-our-race-website-launches\/\">Read<\/a> | from September 2009<\/p><\/div>\n<p><div class=\"clear\"><\/div><br \/>\n<\/div><\/p>\n<p class=\"floating-double-h3\" style=\"text-align: right;\"><a href=\"https:\/\/brandonmoeller.com\/blog\/category\/portfolio\/design\/\">See all design<\/a><\/p>\n<div class=\"hr\"><\/div>\n<p class=\"floating-double-h2\">Printing<\/p>\n<div class=\"hide\">\n<div id=\"attachment_109\" style=\"width: 238px\" class=\"wp-caption alignleft\"><a href=\"https:\/\/brandonmoeller.com\/blog\/2009\/09\/12\/wedding-coozie-designs-are-done\/\"><img loading=\"lazy\" decoding=\"async\" aria-describedby=\"caption-attachment-109\" class=\" wp-image-109 piece \" src=\"https:\/\/brandonmoeller.com\/wp-content\/uploads\/sites\/2\/2013\/01\/p10.jpg\" alt=\"300\" width=\"228\" height=\"228\" \/><\/a><p id=\"caption-attachment-109\" class=\"wp-caption-text\"><a href=\"https:\/\/brandonmoeller.com\/photos\/index.php?albumid=5433116953753190593&amp;photoid=5433116966476065890\">See<\/a> | <a href=\"https:\/\/brandonmoeller.com\/blog\/2009\/09\/12\/wedding-coozie-designs-are-done\/\">Read<\/a> | from September 2009<\/p><\/div>\n<div id=\"attachment_109\" style=\"width: 238px\" class=\"wp-caption alignleft\"><a href=\"https:\/\/brandonmoeller.com\/blog\/2009\/04\/01\/event-flyers-designed-for-center-for-immigration-research\/\"><img loading=\"lazy\" decoding=\"async\" aria-describedby=\"caption-attachment-109\" class=\" wp-image-109 piece \" src=\"https:\/\/brandonmoeller.com\/wp-content\/uploads\/sites\/2\/2013\/01\/p11.jpg\" alt=\"300\" width=\"228\" height=\"228\" \/><\/a><p id=\"caption-attachment-109\" class=\"wp-caption-text\"><a href=\"https:\/\/brandonmoeller.com\/clips\/immigrant-flyer.pdf\">See<\/a> | <a href=\"https:\/\/brandonmoeller.com\/blog\/2009\/04\/01\/event-flyers-designed-for-center-for-immigration-research\/\">Read<\/a> | from April 2009<\/p><\/div>\n<div id=\"attachment_109\" style=\"width: 238px\" class=\"wp-caption alignleft\"><a href=\"https:\/\/brandonmoeller.com\/blog\/2009\/02\/20\/mpa-brochure-is-printed\/\"><img loading=\"lazy\" decoding=\"async\" aria-describedby=\"caption-attachment-109\" class=\" wp-image-109 piece \" src=\"https:\/\/brandonmoeller.com\/wp-content\/uploads\/sites\/2\/2013\/01\/p12.jpg\" alt=\"300\" width=\"228\" height=\"228\" \/><\/a><p id=\"caption-attachment-109\" class=\"wp-caption-text\"><a href=\"https:\/\/brandonmoeller.com\/clips\/mpa-brochure.pdf\">See<\/a> | <a href=\"https:\/\/brandonmoeller.com\/blog\/2009\/02\/20\/mpa-brochure-is-printed\/\">Read<\/a> | from February 2009<\/p><\/div>\n<p><div class=\"clear\"><\/div><br \/>\n<\/div><\/p>\n<p class=\"floating-double-h3\" style=\"text-align: right;\"><a href=\"https:\/\/brandonmoeller.com\/blog\/category\/portfolio\/printing\/\">See all printing<\/a><\/p>\n","protected":false},"excerpt":{"rendered":"<p>Related Links R\u00e9sum\u00e9 R\u00e9sum\u00e9\u00a0(PDF) LinkedIn Awards &amp; Learning WordPress See all WordPress Sites &amp; Email See all sites &amp; email Articles See all articles Photos See all photos Design See all design Printing See all printing<\/p>\n","protected":false},"author":1,"featured_media":0,"parent":0,"menu_order":0,"comment_status":"closed","ping_status":"closed","template":"page-templates\/front-page.php","meta":{"jetpack_post_was_ever_published":false,"footnotes":""},"class_list":["post-192","page","type-page","status-publish","hentry"],"jetpack_sharing_enabled":true,"jetpack_shortlink":"https:\/\/wp.me\/P2YvPC-36","jetpack-related-posts":[],"_links":{"self":[{"href":"https:\/\/brandonmoeller.com\/hire\/wp-json\/wp\/v2\/pages\/192","targetHints":{"allow":["GET"]}}],"collection":[{"href":"https:\/\/brandonmoeller.com\/hire\/wp-json\/wp\/v2\/pages"}],"about":[{"href":"https:\/\/brandonmoeller.com\/hire\/wp-json\/wp\/v2\/types\/page"}],"author":[{"embeddable":true,"href":"https:\/\/brandonmoeller.com\/hire\/wp-json\/wp\/v2\/users\/1"}],"replies":[{"embeddable":true,"href":"https:\/\/brandonmoeller.com\/hire\/wp-json\/wp\/v2\/comments?post=192"}],"version-history":[{"count":2,"href":"https:\/\/brandonmoeller.com\/hire\/wp-json\/wp\/v2\/pages\/192\/revisions"}],"predecessor-version":[{"id":219,"href":"https:\/\/brandonmoeller.com\/hire\/wp-json\/wp\/v2\/pages\/192\/revisions\/219"}],"wp:attachment":[{"href":"https:\/\/brandonmoeller.com\/hire\/wp-json\/wp\/v2\/media?parent=192"}],"curies":[{"name":"wp","href":"https:\/\/api.w.org\/{rel}","templated":true}]}}